{"id":4311,"date":"2023-12-17T00:15:21","date_gmt":"2023-12-17T03:15:21","guid":{"rendered":"https:\/\/liteleds.com.br\/produto\/ilm-150-w\/"},"modified":"2023-12-17T00:15:21","modified_gmt":"2023-12-17T03:15:21","slug":"ilm-150-w","status":"publish","type":"product","link":"https:\/\/www.liteleds.com.br\/es\/produto\/ilm-150-w\/","title":{"rendered":"ILM &#8211; 150 W"},"content":{"rendered":"<h4 style=\"text-align: center;\">DISE\u00d1O INNOVADOR<\/h4>\n<p style=\"text-align: center;\">La l\u00ednea ILM se destaca por su alta flexibilidad, su gran resistencia, facilidad y practicidad de instalaci\u00f3n, lo que permite su uso en entornos fabriles, como industrias y almacenes en general.<\/p>\n<p style=\"text-align: center;\">Adem\u00e1s de contar con diferentes \u00e1ngulos de irradiaci\u00f3n lum\u00ednica y diversas potencias, adapt\u00e1ndose tambi\u00e9n a la iluminaci\u00f3n en otros contextos, como gimnasios deportivos, canchas, patios y varios otros segmentos.<\/p>\n\t\t<div data-elementor-type=\"section\" data-elementor-id=\"2984\" class=\"elementor elementor-2984 elementor-1779\" data-elementor-post-type=\"elementor_library\">\n\t\t\t<div class=\"elementor-element elementor-element-f6b13a6 e-flex e-con-boxed e-con e-parent\" data-id=\"f6b13a6\" data-element_type=\"container\" data-e-type=\"container\">\n\t\t\t\t\t<div class=\"e-con-inner\">\n\t\t\t\t<div class=\"elementor-element elementor-element-c211201 elementor-widget__width-inherit elementor-widget elementor-widget-heading\" data-id=\"c211201\" data-element_type=\"widget\" data-e-type=\"widget\" data-widget_type=\"heading.default\">\n\t\t\t\t\t<h2 class=\"elementor-heading-title elementor-size-default\">Aplicaciones:<\/h2>\t\t\t\t<\/div>\n\t\t<div class=\"elementor-element elementor-element-46ea8f8 e-con-full aplicacoes e-flex e-con e-child\" data-id=\"46ea8f8\" data-element_type=\"container\" data-e-type=\"container\">\n\t\t<div class=\"elementor-element elementor-element-7363aa6 e-con-full e-flex e-con e-child\" data-id=\"7363aa6\" data-element_type=\"container\" data-e-type=\"container\">\n\t\t\t\t<div class=\"elementor-element elementor-element-1eb2ead elementor-widget__width-initial elementor-widget elementor-widget-image\" data-id=\"1eb2ead\" data-element_type=\"widget\" data-e-type=\"widget\" data-widget_type=\"image.default\">\n\t\t\t\t\t\t\t\t\t\t\t\t\t\t\t<img decoding=\"async\" width=\"81\" height=\"55\" src=\"https:\/\/www.liteleds.com.br\/wp-content\/uploads\/2025\/10\/Group-1597882490-1-e1760980756980-1-1.png\" class=\"attachment-full size-full wp-image-4607\" alt=\"\" \/>\t\t\t\t\t\t\t\t\t\t\t\t\t\t\t<\/div>\n\t\t\t\t<div class=\"elementor-element elementor-element-da0e436 texto-aplicacoes elementor-widget elementor-widget-heading\" data-id=\"da0e436\" data-element_type=\"widget\" data-e-type=\"widget\" data-widget_type=\"heading.default\">\n\t\t\t\t\t<p class=\"elementor-heading-title elementor-size-default\">negocio<\/p>\t\t\t\t<\/div>\n\t\t\t\t<\/div>\n\t\t<div class=\"elementor-element elementor-element-0d9eae3 e-con-full e-flex e-con e-child\" data-id=\"0d9eae3\" data-element_type=\"container\" data-e-type=\"container\">\n\t\t\t\t<div class=\"elementor-element elementor-element-159d6ee elementor-widget__width-initial elementor-widget elementor-widget-image\" data-id=\"159d6ee\" data-element_type=\"widget\" data-e-type=\"widget\" data-widget_type=\"image.default\">\n\t\t\t\t\t\t\t\t\t\t\t\t\t\t\t<img decoding=\"async\" width=\"90\" height=\"54\" src=\"https:\/\/www.liteleds.com.br\/wp-content\/uploads\/2025\/10\/Group-1597882489-1-e1760980765428-1-1.png\" class=\"attachment-full size-full wp-image-4617\" alt=\"\" \/>\t\t\t\t\t\t\t\t\t\t\t\t\t\t\t<\/div>\n\t\t\t\t<div class=\"elementor-element elementor-element-fc19ebc texto-aplicacoes elementor-widget elementor-widget-heading\" data-id=\"fc19ebc\" data-element_type=\"widget\" data-e-type=\"widget\" data-widget_type=\"heading.default\">\n\t\t\t\t\t<p class=\"elementor-heading-title elementor-size-default\">Residencia<\/p>\t\t\t\t<\/div>\n\t\t\t\t<\/div>\n\t\t<div class=\"elementor-element elementor-element-68961e6 e-con-full e-flex e-con e-child\" data-id=\"68961e6\" data-element_type=\"container\" data-e-type=\"container\">\n\t\t\t\t<div class=\"elementor-element elementor-element-370291f elementor-widget__width-initial elementor-widget elementor-widget-image\" data-id=\"370291f\" data-element_type=\"widget\" data-e-type=\"widget\" data-widget_type=\"image.default\">\n\t\t\t\t\t\t\t\t\t\t\t\t\t\t\t<img decoding=\"async\" width=\"82\" height=\"52\" src=\"https:\/\/www.liteleds.com.br\/wp-content\/uploads\/2025\/10\/Group-1597882488-1-e1760980775119-1-1.png\" class=\"attachment-full size-full wp-image-4609\" alt=\"\" \/>\t\t\t\t\t\t\t\t\t\t\t\t\t\t\t<\/div>\n\t\t\t\t<div class=\"elementor-element elementor-element-7ffb564 texto-aplicacoes elementor-widget elementor-widget-heading\" data-id=\"7ffb564\" data-element_type=\"widget\" data-e-type=\"widget\" data-widget_type=\"heading.default\">\n\t\t\t\t\t<p class=\"elementor-heading-title elementor-size-default\">Industria<\/p>\t\t\t\t<\/div>\n\t\t\t\t<\/div>\n\t\t<div class=\"elementor-element elementor-element-c2c4e28 e-con-full e-flex e-con e-child\" data-id=\"c2c4e28\" data-element_type=\"container\" data-e-type=\"container\">\n\t\t\t\t<div class=\"elementor-element elementor-element-73daae9 elementor-widget__width-initial elementor-widget elementor-widget-image\" data-id=\"73daae9\" data-element_type=\"widget\" data-e-type=\"widget\" data-widget_type=\"image.default\">\n\t\t\t\t\t\t\t\t\t\t\t\t\t\t\t<img loading=\"lazy\" decoding=\"async\" width=\"65\" height=\"57\" src=\"https:\/\/www.liteleds.com.br\/wp-content\/uploads\/2025\/10\/Group-1597882487-1-e1760981528571.png\" class=\"attachment-full size-full wp-image-4611\" alt=\"\" \/>\t\t\t\t\t\t\t\t\t\t\t\t\t\t\t<\/div>\n\t\t\t\t<div class=\"elementor-element elementor-element-4cc205f texto-aplicacoes elementor-widget elementor-widget-heading\" data-id=\"4cc205f\" data-element_type=\"widget\" data-e-type=\"widget\" data-widget_type=\"heading.default\">\n\t\t\t\t\t<p class=\"elementor-heading-title elementor-size-default\">Estadio<\/p>\t\t\t\t<\/div>\n\t\t\t\t<\/div>\n\t\t\t\t<\/div>\n\t\t\t\t<div class=\"elementor-element elementor-element-630e27a elementor-widget__width-inherit elementor-hidden-mobile elementor-widget elementor-widget-button\" data-id=\"630e27a\" data-element_type=\"widget\" data-e-type=\"widget\" data-widget_type=\"button.default\">\n\t\t\t\t\t\t\t\t\t\t<a class=\"elementor-button elementor-button-link elementor-size-sm\" href=\"\/es\/contacto\/\">\n\t\t\t\t\t\t<span class=\"elementor-button-content-wrapper\">\n\t\t\t\t\t\t\t\t\t<span class=\"elementor-button-text\">Solicitar or\u00e7amento<\/span>\n\t\t\t\t\t<\/span>\n\t\t\t\t\t<\/a>\n\t\t\t\t\t\t\t\t<\/div>\n\t\t\t\t\t<\/div>\n\t\t\t\t<\/div>\n\t\t\t\t<\/div>\n\t\t\n","protected":false},"excerpt":{"rendered":"<p>Luminarias LED para uso general con una vida \u00fatil de 50.000 horas, LED OSRAM SMD 2835, protecci\u00f3n contra sobretensiones el\u00e9ctricas y cuerpo con tratamiento para rayos infrarrojos y ultravioleta, con pintura electrost\u00e1tica anticorrosiva de color gris plomo.<\/p>\n[elementor-template id=\"960\"]\n","protected":false},"featured_media":4314,"comment_status":"closed","ping_status":"closed","template":"","meta":[],"product_brand":[],"product_cat":[217,215],"product_tag":[],"class_list":{"0":"post-4311","1":"product","2":"type-product","3":"status-publish","4":"has-post-thumbnail","6":"product_cat-iluminacion-universal","7":"product_cat-industrial-y-comercial","9":"first","10":"instock","11":"product-type-simple"},"_links":{"self":[{"href":"https:\/\/www.liteleds.com.br\/es\/wp-json\/wp\/v2\/product\/4311","targetHints":{"allow":["GET"]}}],"collection":[{"href":"https:\/\/www.liteleds.com.br\/es\/wp-json\/wp\/v2\/product"}],"about":[{"href":"https:\/\/www.liteleds.com.br\/es\/wp-json\/wp\/v2\/types\/product"}],"replies":[{"embeddable":true,"href":"https:\/\/www.liteleds.com.br\/es\/wp-json\/wp\/v2\/comments?post=4311"}],"wp:featuredmedia":[{"embeddable":true,"href":"https:\/\/www.liteleds.com.br\/es\/wp-json\/wp\/v2\/media\/4314"}],"wp:attachment":[{"href":"https:\/\/www.liteleds.com.br\/es\/wp-json\/wp\/v2\/media?parent=4311"}],"wp:term":[{"taxonomy":"product_brand","embeddable":true,"href":"https:\/\/www.liteleds.com.br\/es\/wp-json\/wp\/v2\/product_brand?post=4311"},{"taxonomy":"product_cat","embeddable":true,"href":"https:\/\/www.liteleds.com.br\/es\/wp-json\/wp\/v2\/product_cat?post=4311"},{"taxonomy":"product_tag","embeddable":true,"href":"https:\/\/www.liteleds.com.br\/es\/wp-json\/wp\/v2\/product_tag?post=4311"}],"curies":[{"name":"wp","href":"https:\/\/api.w.org\/{rel}","templated":true}]}}