{"id":4297,"date":"2023-12-17T00:32:11","date_gmt":"2023-12-17T03:32:11","guid":{"rendered":"https:\/\/liteleds.com.br\/produto\/ilm-60-w\/"},"modified":"2025-10-19T23:30:52","modified_gmt":"2025-10-20T02:30:52","slug":"ilm-60-w","status":"publish","type":"product","link":"https:\/\/www.liteleds.com.br\/es\/produto\/ilm-60-w\/","title":{"rendered":"ILM &#8211; 60 W"},"content":{"rendered":"<div class=\"woocommerce-product-details__short-description\">\n<h4 style=\"text-align: center;\">DISE\u00d1O INNOVADOR<\/h4>\n<p>La l\u00ednea ILM se destaca por su alta flexibilidad, su gran resistencia, facilidad y practicidad de instalaci\u00f3n, lo que permite su uso en entornos fabriles, como industrias y almacenes en general.<\/p>\n<p>Adem\u00e1s de contar con diferentes \u00e1ngulos de irradiaci\u00f3n lum\u00ednica y diversas potencias, adapt\u00e1ndose tambi\u00e9n a la iluminaci\u00f3n en otros contextos, como gimnasios deportivos, canchas, patios y varios otros segmentos.<\/p>\n<p>elementor-template id=\u00bb1779&#8243;]<\/p>\n<\/div>\n","protected":false},"excerpt":{"rendered":"<p>Luminarias LED para uso general con una vida \u00fatil de 50.000 horas, LED OSRAM SMD 2835, protecci\u00f3n contra sobretensiones el\u00e9ctricas y cuerpo con tratamiento para rayos infrarrojos y ultravioleta, con pintura electrost\u00e1tica anticorrosiva de color gris plomo.<\/p>\n[elementor-template id=\"960\"]\n","protected":false},"featured_media":4296,"comment_status":"closed","ping_status":"closed","template":"","meta":[],"product_brand":[],"product_cat":[217,215],"product_tag":[],"class_list":{"0":"post-4297","1":"product","2":"type-product","3":"status-publish","4":"has-post-thumbnail","6":"product_cat-iluminacion-universal","7":"product_cat-industrial-y-comercial","9":"first","10":"instock","11":"product-type-simple"},"_links":{"self":[{"href":"https:\/\/www.liteleds.com.br\/es\/wp-json\/wp\/v2\/product\/4297","targetHints":{"allow":["GET"]}}],"collection":[{"href":"https:\/\/www.liteleds.com.br\/es\/wp-json\/wp\/v2\/product"}],"about":[{"href":"https:\/\/www.liteleds.com.br\/es\/wp-json\/wp\/v2\/types\/product"}],"replies":[{"embeddable":true,"href":"https:\/\/www.liteleds.com.br\/es\/wp-json\/wp\/v2\/comments?post=4297"}],"wp:featuredmedia":[{"embeddable":true,"href":"https:\/\/www.liteleds.com.br\/es\/wp-json\/wp\/v2\/media\/4296"}],"wp:attachment":[{"href":"https:\/\/www.liteleds.com.br\/es\/wp-json\/wp\/v2\/media?parent=4297"}],"wp:term":[{"taxonomy":"product_brand","embeddable":true,"href":"https:\/\/www.liteleds.com.br\/es\/wp-json\/wp\/v2\/product_brand?post=4297"},{"taxonomy":"product_cat","embeddable":true,"href":"https:\/\/www.liteleds.com.br\/es\/wp-json\/wp\/v2\/product_cat?post=4297"},{"taxonomy":"product_tag","embeddable":true,"href":"https:\/\/www.liteleds.com.br\/es\/wp-json\/wp\/v2\/product_tag?post=4297"}],"curies":[{"name":"wp","href":"https:\/\/api.w.org\/{rel}","templated":true}]}}