{"id":4278,"date":"2023-12-17T01:28:13","date_gmt":"2023-12-17T04:28:13","guid":{"rendered":"https:\/\/liteleds.com.br\/produto\/ilo-150-w\/"},"modified":"2025-10-19T23:26:57","modified_gmt":"2025-10-20T02:26:57","slug":"ilo-150-w","status":"publish","type":"product","link":"https:\/\/www.liteleds.com.br\/es\/produto\/ilo-150-w\/","title":{"rendered":"ILO \u2013 150 W"},"content":{"rendered":"<h4 style=\"text-align: center;\">ALTA RESISTENCIA<\/h4>\n<p style=\"text-align: center;\">La l\u00ednea ILO se destaca por su alta flexibilidad, su gran resistencia, facilidad y practicidad de instalaci\u00f3n, lo que permite su uso en entornos fabriles, como industrias y almacenes en general.<\/p>\n<p style=\"text-align: center;\">Adem\u00e1s de contar con diferentes \u00e1ngulos de irradiaci\u00f3n lum\u00ednica y diversas potencias, adapt\u00e1ndose tambi\u00e9n a la iluminaci\u00f3n en otros contextos, como gimnasios deportivos, canchas, patios y varios otros segmentos.<\/p>\n<p style=\"text-align: center;\">Adem\u00e1s de contar con regulaci\u00f3n de intensidad, lo que permite una iluminaci\u00f3n m\u00e1s inteligente y eficiente.<\/p>\n\t\t<div data-elementor-type=\"section\" data-elementor-id=\"2982\" class=\"elementor elementor-2982 elementor-1782\" data-elementor-post-type=\"elementor_library\">\n\t\t\t<div class=\"elementor-element elementor-element-538bb4d e-flex e-con-boxed e-con e-parent\" data-id=\"538bb4d\" data-element_type=\"container\" data-e-type=\"container\">\n\t\t\t\t\t<div class=\"e-con-inner\">\n\t\t\t\t<div class=\"elementor-element elementor-element-e2af14c elementor-widget__width-inherit elementor-widget elementor-widget-heading\" data-id=\"e2af14c\" data-element_type=\"widget\" data-e-type=\"widget\" data-widget_type=\"heading.default\">\n\t\t\t\t\t<h2 class=\"elementor-heading-title elementor-size-default\">Aplicaciones:<\/h2>\t\t\t\t<\/div>\n\t\t<div class=\"elementor-element elementor-element-cbf1eeb e-con-full aplicacoes e-flex e-con e-child\" data-id=\"cbf1eeb\" data-element_type=\"container\" data-e-type=\"container\">\n\t\t<div class=\"elementor-element elementor-element-9a4673a e-con-full e-flex e-con e-child\" data-id=\"9a4673a\" data-element_type=\"container\" data-e-type=\"container\">\n\t\t\t\t<div class=\"elementor-element elementor-element-67bc66f elementor-widget__width-initial elementor-widget elementor-widget-image\" data-id=\"67bc66f\" data-element_type=\"widget\" data-e-type=\"widget\" data-widget_type=\"image.default\">\n\t\t\t\t\t\t\t\t\t\t\t\t\t\t\t<img decoding=\"async\" width=\"81\" height=\"55\" src=\"https:\/\/www.liteleds.com.br\/wp-content\/uploads\/2025\/10\/Group-1597882490-1-e1760980756980-1-1.png\" class=\"attachment-full size-full wp-image-4607\" alt=\"\" \/>\t\t\t\t\t\t\t\t\t\t\t\t\t\t\t<\/div>\n\t\t\t\t<div class=\"elementor-element elementor-element-8fef28e texto-aplicacoes elementor-widget elementor-widget-heading\" data-id=\"8fef28e\" data-element_type=\"widget\" data-e-type=\"widget\" data-widget_type=\"heading.default\">\n\t\t\t\t\t<p class=\"elementor-heading-title elementor-size-default\">negocio<\/p>\t\t\t\t<\/div>\n\t\t\t\t<\/div>\n\t\t<div class=\"elementor-element elementor-element-336e9c1 e-con-full e-flex e-con e-child\" data-id=\"336e9c1\" data-element_type=\"container\" data-e-type=\"container\">\n\t\t\t\t<div class=\"elementor-element elementor-element-0a611d1 elementor-widget__width-initial elementor-widget elementor-widget-image\" data-id=\"0a611d1\" data-element_type=\"widget\" data-e-type=\"widget\" data-widget_type=\"image.default\">\n\t\t\t\t\t\t\t\t\t\t\t\t\t\t\t<img decoding=\"async\" width=\"90\" height=\"54\" src=\"https:\/\/www.liteleds.com.br\/wp-content\/uploads\/2025\/10\/Group-1597882489-1-e1760980765428-1.png\" class=\"attachment-full size-full wp-image-4596\" alt=\"\" \/>\t\t\t\t\t\t\t\t\t\t\t\t\t\t\t<\/div>\n\t\t\t\t<div class=\"elementor-element elementor-element-290db62 texto-aplicacoes elementor-widget elementor-widget-heading\" data-id=\"290db62\" data-element_type=\"widget\" data-e-type=\"widget\" data-widget_type=\"heading.default\">\n\t\t\t\t\t<p class=\"elementor-heading-title elementor-size-default\">residencia<\/p>\t\t\t\t<\/div>\n\t\t\t\t<\/div>\n\t\t<div class=\"elementor-element elementor-element-c9b48de e-con-full e-flex e-con e-child\" data-id=\"c9b48de\" data-element_type=\"container\" data-e-type=\"container\">\n\t\t\t\t<div class=\"elementor-element elementor-element-b89042c elementor-widget__width-initial elementor-widget elementor-widget-image\" data-id=\"b89042c\" data-element_type=\"widget\" data-e-type=\"widget\" data-widget_type=\"image.default\">\n\t\t\t\t\t\t\t\t\t\t\t\t\t\t\t<img decoding=\"async\" width=\"82\" height=\"52\" src=\"https:\/\/www.liteleds.com.br\/wp-content\/uploads\/2025\/10\/Group-1597882488-1-e1760980775119-1-1.png\" class=\"attachment-full size-full wp-image-4609\" alt=\"\" \/>\t\t\t\t\t\t\t\t\t\t\t\t\t\t\t<\/div>\n\t\t\t\t<div class=\"elementor-element elementor-element-3b9bdc9 texto-aplicacoes elementor-widget elementor-widget-heading\" data-id=\"3b9bdc9\" data-element_type=\"widget\" data-e-type=\"widget\" data-widget_type=\"heading.default\">\n\t\t\t\t\t<p class=\"elementor-heading-title elementor-size-default\">Industria<\/p>\t\t\t\t<\/div>\n\t\t\t\t<\/div>\n\t\t<div class=\"elementor-element elementor-element-ec9c784 e-con-full e-flex e-con e-child\" data-id=\"ec9c784\" data-element_type=\"container\" data-e-type=\"container\">\n\t\t\t\t<div class=\"elementor-element elementor-element-32cd6e6 elementor-widget__width-initial elementor-widget elementor-widget-image\" data-id=\"32cd6e6\" data-element_type=\"widget\" data-e-type=\"widget\" data-widget_type=\"image.default\">\n\t\t\t\t\t\t\t\t\t\t\t\t\t\t\t<img loading=\"lazy\" decoding=\"async\" width=\"65\" height=\"57\" src=\"https:\/\/www.liteleds.com.br\/wp-content\/uploads\/2025\/10\/Group-1597882487-1-e1760981528571.png\" class=\"attachment-full size-full wp-image-4611\" alt=\"\" \/>\t\t\t\t\t\t\t\t\t\t\t\t\t\t\t<\/div>\n\t\t\t\t<div class=\"elementor-element elementor-element-70c3e95 texto-aplicacoes elementor-widget elementor-widget-heading\" data-id=\"70c3e95\" data-element_type=\"widget\" data-e-type=\"widget\" data-widget_type=\"heading.default\">\n\t\t\t\t\t<p class=\"elementor-heading-title elementor-size-default\">Estadio<\/p>\t\t\t\t<\/div>\n\t\t\t\t<\/div>\n\t\t\t\t<\/div>\n\t\t\t\t<div class=\"elementor-element elementor-element-35d653d elementor-widget__width-inherit elementor-hidden-mobile elementor-widget elementor-widget-button\" data-id=\"35d653d\" data-element_type=\"widget\" data-e-type=\"widget\" data-widget_type=\"button.default\">\n\t\t\t\t\t\t\t\t\t\t<a class=\"elementor-button elementor-button-link elementor-size-sm\" href=\"\/es\/contacto\/\">\n\t\t\t\t\t\t<span class=\"elementor-button-content-wrapper\">\n\t\t\t\t\t\t\t\t\t<span class=\"elementor-button-text\">Solicitar presupuesto<\/span>\n\t\t\t\t\t<\/span>\n\t\t\t\t\t<\/a>\n\t\t\t\t\t\t\t\t<\/div>\n\t\t\t\t\t<\/div>\n\t\t\t\t<\/div>\n\t\t\t\t<\/div>\n\t\t\n","protected":false},"excerpt":{"rendered":"<p>Luminarias LED High Bay para uso general con una vida \u00fatil de 50.000 horas y cuerpo con tratamiento para rayos infrarrojos y ultravioleta, con pintura electrost\u00e1tica anticorrosiva de color negro.<\/p>\n[elementor-template id=\"964\"]\n","protected":false},"featured_media":4262,"comment_status":"closed","ping_status":"closed","template":"","meta":[],"product_brand":[],"product_cat":[215],"product_tag":[],"class_list":{"0":"post-4278","1":"product","2":"type-product","3":"status-publish","4":"has-post-thumbnail","6":"product_cat-industrial-y-comercial","8":"first","9":"instock","10":"product-type-simple"},"_links":{"self":[{"href":"https:\/\/www.liteleds.com.br\/es\/wp-json\/wp\/v2\/product\/4278","targetHints":{"allow":["GET"]}}],"collection":[{"href":"https:\/\/www.liteleds.com.br\/es\/wp-json\/wp\/v2\/product"}],"about":[{"href":"https:\/\/www.liteleds.com.br\/es\/wp-json\/wp\/v2\/types\/product"}],"replies":[{"embeddable":true,"href":"https:\/\/www.liteleds.com.br\/es\/wp-json\/wp\/v2\/comments?post=4278"}],"wp:featuredmedia":[{"embeddable":true,"href":"https:\/\/www.liteleds.com.br\/es\/wp-json\/wp\/v2\/media\/4262"}],"wp:attachment":[{"href":"https:\/\/www.liteleds.com.br\/es\/wp-json\/wp\/v2\/media?parent=4278"}],"wp:term":[{"taxonomy":"product_brand","embeddable":true,"href":"https:\/\/www.liteleds.com.br\/es\/wp-json\/wp\/v2\/product_brand?post=4278"},{"taxonomy":"product_cat","embeddable":true,"href":"https:\/\/www.liteleds.com.br\/es\/wp-json\/wp\/v2\/product_cat?post=4278"},{"taxonomy":"product_tag","embeddable":true,"href":"https:\/\/www.liteleds.com.br\/es\/wp-json\/wp\/v2\/product_tag?post=4278"}],"curies":[{"name":"wp","href":"https:\/\/api.w.org\/{rel}","templated":true}]}}