{"id":4254,"date":"2023-12-17T01:52:59","date_gmt":"2023-12-17T04:52:59","guid":{"rendered":"https:\/\/liteleds.com.br\/produto\/minisol-s-150-w\/"},"modified":"2025-10-24T13:31:13","modified_gmt":"2025-10-24T16:31:13","slug":"minisol-s-150-w","status":"publish","type":"product","link":"https:\/\/www.liteleds.com.br\/es\/produto\/minisol-s-150-w\/","title":{"rendered":"Minisol S \u2013 150 W"},"content":{"rendered":"<h4 style=\"text-align: center;\">CONFORT, SEGURIDAD Y CALIDAD<\/h4>\n<p style=\"text-align: center;\">Las luminarias p\u00fablicas viales garantizan confort, seguridad y calidad est\u00e9tica en las v\u00edas donde se instalen. Con un dise\u00f1o innovador y la m\u00e1xima eficiencia de Liteleds, reducen el consumo de energ\u00eda y los gastos de mantenimiento.<\/p>\n<p style=\"text-align: center;\">Adem\u00e1s de estar listas para la Telegesti\u00f3n, posibilitando una iluminaci\u00f3n m\u00e1s inteligente y eficiente.<\/p>\n\t\t<div data-elementor-type=\"section\" data-elementor-id=\"2988\" class=\"elementor elementor-2988 elementor-1773\" data-elementor-post-type=\"elementor_library\">\n\t\t\t<div class=\"elementor-element elementor-element-d4cccd1 e-flex e-con-boxed e-con e-parent\" data-id=\"d4cccd1\" data-element_type=\"container\" data-e-type=\"container\">\n\t\t\t\t\t<div class=\"e-con-inner\">\n\t\t\t\t<div class=\"elementor-element elementor-element-7a3963d elementor-widget__width-inherit elementor-widget elementor-widget-heading\" data-id=\"7a3963d\" data-element_type=\"widget\" data-e-type=\"widget\" data-widget_type=\"heading.default\">\n\t\t\t\t\t<h2 class=\"elementor-heading-title elementor-size-default\">Aplicaciones:<\/h2>\t\t\t\t<\/div>\n\t\t<div class=\"elementor-element elementor-element-88981b3 e-con-full aplicacoes e-flex e-con e-child\" data-id=\"88981b3\" data-element_type=\"container\" data-e-type=\"container\">\n\t\t<div class=\"elementor-element elementor-element-c5d4d95 e-con-full e-flex e-con e-child\" data-id=\"c5d4d95\" data-element_type=\"container\" data-e-type=\"container\">\n\t\t\t\t<div class=\"elementor-element elementor-element-a309850 elementor-widget__width-initial elementor-widget elementor-widget-image\" data-id=\"a309850\" data-element_type=\"widget\" data-e-type=\"widget\" data-widget_type=\"image.default\">\n\t\t\t\t\t\t\t\t\t\t\t\t\t\t\t<img decoding=\"async\" width=\"105\" height=\"51\" src=\"https:\/\/www.liteleds.com.br\/wp-content\/uploads\/2025\/10\/Group-1597882494-e1760981842839.png\" class=\"attachment-full size-full wp-image-4621\" alt=\"\" \/>\t\t\t\t\t\t\t\t\t\t\t\t\t\t\t<\/div>\n\t\t\t\t<div class=\"elementor-element elementor-element-151d441 texto-aplicacoes elementor-widget elementor-widget-heading\" data-id=\"151d441\" data-element_type=\"widget\" data-e-type=\"widget\" data-widget_type=\"heading.default\">\n\t\t\t\t\t<p class=\"elementor-heading-title elementor-size-default\">V\u00cdAS P\u00daBLICAS\n<\/p>\t\t\t\t<\/div>\n\t\t\t\t<\/div>\n\t\t<div class=\"elementor-element elementor-element-36db460 e-con-full e-flex e-con e-child\" data-id=\"36db460\" data-element_type=\"container\" data-e-type=\"container\">\n\t\t\t\t<div class=\"elementor-element elementor-element-dd09359 elementor-widget__width-initial elementor-widget elementor-widget-image\" data-id=\"dd09359\" data-element_type=\"widget\" data-e-type=\"widget\" data-widget_type=\"image.default\">\n\t\t\t\t\t\t\t\t\t\t\t\t\t\t\t<img decoding=\"async\" width=\"149\" height=\"51\" src=\"https:\/\/www.liteleds.com.br\/wp-content\/uploads\/2025\/10\/Group-1597882496-e1760981891365.png\" class=\"attachment-full size-full wp-image-4623\" alt=\"\" \/>\t\t\t\t\t\t\t\t\t\t\t\t\t\t\t<\/div>\n\t\t\t\t<div class=\"elementor-element elementor-element-6d1fd30 texto-aplicacoes elementor-widget elementor-widget-heading\" data-id=\"6d1fd30\" data-element_type=\"widget\" data-e-type=\"widget\" data-widget_type=\"heading.default\">\n\t\t\t\t\t<p class=\"elementor-heading-title elementor-size-default\">parques y plazas<\/p>\t\t\t\t<\/div>\n\t\t\t\t<\/div>\n\t\t<div class=\"elementor-element elementor-element-3e725ef e-con-full e-flex e-con e-child\" data-id=\"3e725ef\" data-element_type=\"container\" data-e-type=\"container\">\n\t\t\t\t<div class=\"elementor-element elementor-element-612642e elementor-widget__width-initial elementor-widget elementor-widget-image\" data-id=\"612642e\" data-element_type=\"widget\" data-e-type=\"widget\" data-widget_type=\"image.default\">\n\t\t\t\t\t\t\t\t\t\t\t\t\t\t\t<img decoding=\"async\" width=\"151\" height=\"52\" src=\"https:\/\/www.liteleds.com.br\/wp-content\/uploads\/2025\/10\/Group-1597882495-e1760981930593.png\" class=\"attachment-full size-full wp-image-4625\" alt=\"\" \/>\t\t\t\t\t\t\t\t\t\t\t\t\t\t\t<\/div>\n\t\t\t\t<div class=\"elementor-element elementor-element-cad6692 elementor-widget-mobile__width-initial elementor-hidden-desktop elementor-hidden-tablet texto-aplicacoes elementor-widget elementor-widget-heading\" data-id=\"cad6692\" data-element_type=\"widget\" data-e-type=\"widget\" data-widget_type=\"heading.default\">\n\t\t\t\t\t<p class=\"elementor-heading-title elementor-size-default\">APARCA-<BR>\nMIENTO\n<\/p>\t\t\t\t<\/div>\n\t\t\t\t<div class=\"elementor-element elementor-element-95f4487 elementor-widget-mobile__width-initial elementor-hidden-mobile texto-aplicacoes elementor-widget elementor-widget-heading\" data-id=\"95f4487\" data-element_type=\"widget\" data-e-type=\"widget\" data-widget_type=\"heading.default\">\n\t\t\t\t\t<p class=\"elementor-heading-title elementor-size-default\">APARCAMIENTO<\/p>\t\t\t\t<\/div>\n\t\t\t\t<\/div>\n\t\t<div class=\"elementor-element elementor-element-538008f e-con-full e-flex e-con e-child\" data-id=\"538008f\" data-element_type=\"container\" data-e-type=\"container\">\n\t\t\t\t<div class=\"elementor-element elementor-element-33f69bb elementor-widget__width-initial elementor-widget elementor-widget-image\" data-id=\"33f69bb\" data-element_type=\"widget\" data-e-type=\"widget\" data-widget_type=\"image.default\">\n\t\t\t\t\t\t\t\t\t\t\t\t\t\t\t<img loading=\"lazy\" decoding=\"async\" width=\"110\" height=\"51\" src=\"https:\/\/www.liteleds.com.br\/wp-content\/uploads\/2025\/10\/Group-1597882493-e1760981957961.png\" class=\"attachment-full size-full wp-image-4627\" alt=\"\" \/>\t\t\t\t\t\t\t\t\t\t\t\t\t\t\t<\/div>\n\t\t\t\t<div class=\"elementor-element elementor-element-71229e2 elementor-hidden-desktop texto-aplicacoes elementor-widget elementor-widget-heading\" data-id=\"71229e2\" data-element_type=\"widget\" data-e-type=\"widget\" data-widget_type=\"heading.default\">\n\t\t\t\t\t<p class=\"elementor-heading-title elementor-size-default\">CONDOMI-<br>\nNIOS<\/p>\t\t\t\t<\/div>\n\t\t\t\t<div class=\"elementor-element elementor-element-56d2862 elementor-hidden-mobile texto-aplicacoes elementor-widget elementor-widget-heading\" data-id=\"56d2862\" data-element_type=\"widget\" data-e-type=\"widget\" data-widget_type=\"heading.default\">\n\t\t\t\t\t<p class=\"elementor-heading-title elementor-size-default\">CONDOM\u00cdNIOS<\/p>\t\t\t\t<\/div>\n\t\t\t\t<\/div>\n\t\t\t\t<\/div>\n\t\t\t\t<div class=\"elementor-element elementor-element-9d2e0ea elementor-widget__width-inherit elementor-hidden-mobile elementor-widget elementor-widget-button\" data-id=\"9d2e0ea\" data-element_type=\"widget\" data-e-type=\"widget\" data-widget_type=\"button.default\">\n\t\t\t\t\t\t\t\t\t\t<a class=\"elementor-button elementor-button-link elementor-size-sm\" href=\"\/es\/contacto\/\">\n\t\t\t\t\t\t<span class=\"elementor-button-content-wrapper\">\n\t\t\t\t\t\t\t\t\t<span class=\"elementor-button-text\">Solicitar presupuesto<\/span>\n\t\t\t\t\t<\/span>\n\t\t\t\t\t<\/a>\n\t\t\t\t\t\t\t\t<\/div>\n\t\t\t\t\t<\/div>\n\t\t\t\t<\/div>\n\t\t\t\t<\/div>\n\t\t\n","protected":false},"excerpt":{"rendered":"<p>Luminaria p\u00fablica vial con tecnolog\u00eda LED SMD con toma NEMA 7 o NEMA 3 preparada para regulaci\u00f3n de intensidad, cuerpo con tratamiento para rayos infrarrojos y ultravioleta con pintura electrost\u00e1tica anticorrosiva en color gris claro (RAL7035) y tornillos de acero inoxidable.<\/p>\n[elementor-template id=\"744\"]\n","protected":false},"featured_media":4268,"comment_status":"closed","ping_status":"closed","template":"","meta":[],"product_brand":[],"product_cat":[216],"product_tag":[],"class_list":{"0":"post-4254","1":"product","2":"type-product","3":"status-publish","4":"has-post-thumbnail","6":"product_cat-publica-y-vial","8":"first","9":"instock","10":"product-type-simple"},"_links":{"self":[{"href":"https:\/\/www.liteleds.com.br\/es\/wp-json\/wp\/v2\/product\/4254","targetHints":{"allow":["GET"]}}],"collection":[{"href":"https:\/\/www.liteleds.com.br\/es\/wp-json\/wp\/v2\/product"}],"about":[{"href":"https:\/\/www.liteleds.com.br\/es\/wp-json\/wp\/v2\/types\/product"}],"replies":[{"embeddable":true,"href":"https:\/\/www.liteleds.com.br\/es\/wp-json\/wp\/v2\/comments?post=4254"}],"wp:featuredmedia":[{"embeddable":true,"href":"https:\/\/www.liteleds.com.br\/es\/wp-json\/wp\/v2\/media\/4268"}],"wp:attachment":[{"href":"https:\/\/www.liteleds.com.br\/es\/wp-json\/wp\/v2\/media?parent=4254"}],"wp:term":[{"taxonomy":"product_brand","embeddable":true,"href":"https:\/\/www.liteleds.com.br\/es\/wp-json\/wp\/v2\/product_brand?post=4254"},{"taxonomy":"product_cat","embeddable":true,"href":"https:\/\/www.liteleds.com.br\/es\/wp-json\/wp\/v2\/product_cat?post=4254"},{"taxonomy":"product_tag","embeddable":true,"href":"https:\/\/www.liteleds.com.br\/es\/wp-json\/wp\/v2\/product_tag?post=4254"}],"curies":[{"name":"wp","href":"https:\/\/api.w.org\/{rel}","templated":true}]}}