{"id":4220,"date":"2024-04-25T14:07:43","date_gmt":"2024-04-25T17:07:43","guid":{"rendered":"https:\/\/liteleds.com.br\/produto\/lin-60-w\/"},"modified":"2025-10-19T23:06:36","modified_gmt":"2025-10-20T02:06:36","slug":"lin-60-w","status":"publish","type":"product","link":"https:\/\/www.liteleds.com.br\/es\/produto\/lin-60-w\/","title":{"rendered":"LIN &#8211; 60 W"},"content":{"rendered":"<h4 style=\"text-align: center;\">EFICIENCIA EN LA ILUMINACI\u00d3N<\/h4>\n<p style=\"text-align: center;\">Luminarias LED para interiores con una vida \u00fatil de 50.000 horas, LED OSRAM SMD 2835, disipador extruido en aluminio y formato lineal.<br \/>\nEl dise\u00f1o pr\u00e1ctico de la luminaria Linear permite su instalaci\u00f3n en una amplia variedad de ambientes, incluyendo oficinas, establecimientos comerciales, residencias e industrias. Aporta valor a cualquier espacio con una iluminaci\u00f3n uniforme y libre de sombras, proporcionando un entorno m\u00e1s agradable y funcional.<\/p>\n\t\t<div data-elementor-type=\"section\" data-elementor-id=\"2980\" class=\"elementor elementor-2980 elementor-1785\" data-elementor-post-type=\"elementor_library\">\n\t\t\t<div class=\"elementor-element elementor-element-487eca0 e-flex e-con-boxed e-con e-parent\" data-id=\"487eca0\" data-element_type=\"container\" data-e-type=\"container\">\n\t\t\t\t\t<div class=\"e-con-inner\">\n\t\t\t\t<div class=\"elementor-element elementor-element-a324348 elementor-widget__width-inherit elementor-widget elementor-widget-heading\" data-id=\"a324348\" data-element_type=\"widget\" data-e-type=\"widget\" data-widget_type=\"heading.default\">\n\t\t\t\t\t<h2 class=\"elementor-heading-title elementor-size-default\">Aplicaciones:<\/h2>\t\t\t\t<\/div>\n\t\t<div class=\"elementor-element elementor-element-4a84606 e-con-full aplicacoes e-flex e-con e-child\" data-id=\"4a84606\" data-element_type=\"container\" data-e-type=\"container\">\n\t\t<div class=\"elementor-element elementor-element-4d63534 e-con-full e-flex e-con e-child\" data-id=\"4d63534\" data-element_type=\"container\" data-e-type=\"container\">\n\t\t\t\t<div class=\"elementor-element elementor-element-902290f elementor-widget__width-initial elementor-widget elementor-widget-image\" data-id=\"902290f\" data-element_type=\"widget\" data-e-type=\"widget\" data-widget_type=\"image.default\">\n\t\t\t\t\t\t\t\t\t\t\t\t\t\t\t<img decoding=\"async\" width=\"90\" height=\"54\" src=\"https:\/\/www.liteleds.com.br\/wp-content\/uploads\/2025\/10\/Group-1597882492-e1760980745475.png\" class=\"attachment-full size-full wp-image-4581\" alt=\"\" \/>\t\t\t\t\t\t\t\t\t\t\t\t\t\t\t<\/div>\n\t\t\t\t<div class=\"elementor-element elementor-element-447f342 texto-aplicacoes elementor-widget elementor-widget-heading\" data-id=\"447f342\" data-element_type=\"widget\" data-e-type=\"widget\" data-widget_type=\"heading.default\">\n\t\t\t\t\t<p class=\"elementor-heading-title elementor-size-default\">escritorio<\/p>\t\t\t\t<\/div>\n\t\t\t\t<\/div>\n\t\t<div class=\"elementor-element elementor-element-4053c2a e-con-full e-flex e-con e-child\" data-id=\"4053c2a\" data-element_type=\"container\" data-e-type=\"container\">\n\t\t\t\t<div class=\"elementor-element elementor-element-509e3fc elementor-widget__width-initial elementor-widget elementor-widget-image\" data-id=\"509e3fc\" data-element_type=\"widget\" data-e-type=\"widget\" data-widget_type=\"image.default\">\n\t\t\t\t\t\t\t\t\t\t\t\t\t\t\t<img decoding=\"async\" width=\"90\" height=\"54\" src=\"https:\/\/www.liteleds.com.br\/wp-content\/uploads\/2025\/10\/Group-1597882489-1-e1760980765428.png\" class=\"attachment-full size-full wp-image-4585\" alt=\"\" \/>\t\t\t\t\t\t\t\t\t\t\t\t\t\t\t<\/div>\n\t\t\t\t<div class=\"elementor-element elementor-element-b22b58c texto-aplicacoes elementor-widget elementor-widget-heading\" data-id=\"b22b58c\" data-element_type=\"widget\" data-e-type=\"widget\" data-widget_type=\"heading.default\">\n\t\t\t\t\t<p class=\"elementor-heading-title elementor-size-default\">Residencia<\/p>\t\t\t\t<\/div>\n\t\t\t\t<\/div>\n\t\t<div class=\"elementor-element elementor-element-9060b39 e-con-full e-flex e-con e-child\" data-id=\"9060b39\" data-element_type=\"container\" data-e-type=\"container\">\n\t\t\t\t<div class=\"elementor-element elementor-element-13045d0 elementor-widget__width-initial elementor-widget elementor-widget-image\" data-id=\"13045d0\" data-element_type=\"widget\" data-e-type=\"widget\" data-widget_type=\"image.default\">\n\t\t\t\t\t\t\t\t\t\t\t\t\t\t\t<img decoding=\"async\" width=\"81\" height=\"55\" src=\"https:\/\/www.liteleds.com.br\/wp-content\/uploads\/2025\/10\/Group-1597882490-1-e1760980756980.png\" class=\"attachment-full size-full wp-image-4583\" alt=\"\" \/>\t\t\t\t\t\t\t\t\t\t\t\t\t\t\t<\/div>\n\t\t\t\t<div class=\"elementor-element elementor-element-847a840 texto-aplicacoes elementor-widget elementor-widget-heading\" data-id=\"847a840\" data-element_type=\"widget\" data-e-type=\"widget\" data-widget_type=\"heading.default\">\n\t\t\t\t\t<p class=\"elementor-heading-title elementor-size-default\">negocio<\/p>\t\t\t\t<\/div>\n\t\t\t\t<\/div>\n\t\t<div class=\"elementor-element elementor-element-21cda0e e-con-full e-flex e-con e-child\" data-id=\"21cda0e\" data-element_type=\"container\" data-e-type=\"container\">\n\t\t\t\t<div class=\"elementor-element elementor-element-186617d elementor-widget__width-initial elementor-widget elementor-widget-image\" data-id=\"186617d\" data-element_type=\"widget\" data-e-type=\"widget\" data-widget_type=\"image.default\">\n\t\t\t\t\t\t\t\t\t\t\t\t\t\t\t<img loading=\"lazy\" decoding=\"async\" width=\"82\" height=\"52\" src=\"https:\/\/www.liteleds.com.br\/wp-content\/uploads\/2025\/10\/Group-1597882488-1-e1760980775119.png\" class=\"attachment-full size-full wp-image-4587\" alt=\"\" \/>\t\t\t\t\t\t\t\t\t\t\t\t\t\t\t<\/div>\n\t\t\t\t<div class=\"elementor-element elementor-element-578412d texto-aplicacoes elementor-widget elementor-widget-heading\" data-id=\"578412d\" data-element_type=\"widget\" data-e-type=\"widget\" data-widget_type=\"heading.default\">\n\t\t\t\t\t<p class=\"elementor-heading-title elementor-size-default\">Industria<\/p>\t\t\t\t<\/div>\n\t\t\t\t<\/div>\n\t\t\t\t<\/div>\n\t\t\t\t<div class=\"elementor-element elementor-element-4565f4a elementor-widget__width-inherit elementor-hidden-mobile elementor-widget elementor-widget-button\" data-id=\"4565f4a\" data-element_type=\"widget\" data-e-type=\"widget\" data-widget_type=\"button.default\">\n\t\t\t\t\t\t\t\t\t\t<a class=\"elementor-button elementor-button-link elementor-size-sm\" href=\"\/es\/contacto\/\">\n\t\t\t\t\t\t<span class=\"elementor-button-content-wrapper\">\n\t\t\t\t\t\t\t\t\t<span class=\"elementor-button-text\">Solicitar presupuesto<\/span>\n\t\t\t\t\t<\/span>\n\t\t\t\t\t<\/a>\n\t\t\t\t\t\t\t\t<\/div>\n\t\t\t\t\t<\/div>\n\t\t\t\t<\/div>\n\t\t\t\t<\/div>\n\t\t\n","protected":false},"excerpt":{"rendered":"<p>Luminarias LED para interiores con una vida \u00fatil de 50.000 horas, LED OSRAM SMD 2835, disipador extruido en aluminio y formato lineal.<\/p>\n[elementor-template id=\"969\"]\n","protected":false},"featured_media":4217,"comment_status":"closed","ping_status":"closed","template":"","meta":[],"product_brand":[],"product_cat":[215],"product_tag":[],"class_list":{"0":"post-4220","1":"product","2":"type-product","3":"status-publish","4":"has-post-thumbnail","6":"product_cat-industrial-y-comercial","8":"first","9":"instock","10":"product-type-simple"},"_links":{"self":[{"href":"https:\/\/www.liteleds.com.br\/es\/wp-json\/wp\/v2\/product\/4220","targetHints":{"allow":["GET"]}}],"collection":[{"href":"https:\/\/www.liteleds.com.br\/es\/wp-json\/wp\/v2\/product"}],"about":[{"href":"https:\/\/www.liteleds.com.br\/es\/wp-json\/wp\/v2\/types\/product"}],"replies":[{"embeddable":true,"href":"https:\/\/www.liteleds.com.br\/es\/wp-json\/wp\/v2\/comments?post=4220"}],"wp:featuredmedia":[{"embeddable":true,"href":"https:\/\/www.liteleds.com.br\/es\/wp-json\/wp\/v2\/media\/4217"}],"wp:attachment":[{"href":"https:\/\/www.liteleds.com.br\/es\/wp-json\/wp\/v2\/media?parent=4220"}],"wp:term":[{"taxonomy":"product_brand","embeddable":true,"href":"https:\/\/www.liteleds.com.br\/es\/wp-json\/wp\/v2\/product_brand?post=4220"},{"taxonomy":"product_cat","embeddable":true,"href":"https:\/\/www.liteleds.com.br\/es\/wp-json\/wp\/v2\/product_cat?post=4220"},{"taxonomy":"product_tag","embeddable":true,"href":"https:\/\/www.liteleds.com.br\/es\/wp-json\/wp\/v2\/product_tag?post=4220"}],"curies":[{"name":"wp","href":"https:\/\/api.w.org\/{rel}","templated":true}]}}